{"id":6,"date":"2018-05-03T17:12:38","date_gmt":"2018-05-03T15:12:38","guid":{"rendered":"https:\/\/www.zbo.fr\/event\/?page_id=6"},"modified":"2025-12-01T15:29:16","modified_gmt":"2025-12-01T14:29:16","slug":"front-page","status":"publish","type":"page","link":"https:\/\/www.zbo.fr\/event\/","title":{"rendered":"Front Page"},"content":{"rendered":"<p>[vc_section el_id=\u00a0\u00bbzbo\u00a0\u00bb][vc_row][vc_column]<div class=\"wpb_content_element \"><style type=\"text\/css\" scoped>#ut_header_69ef4f0aaf835.pt-style-2 .page-title:after, #ut_header_69ef4f0aaf835.pt-style-2 .parallax-title:after, #ut_header_69ef4f0aaf835.pt-style-2 .section-title:after {background-color:!important;height: ;width: ;}<\/style><header id=\"ut_header_69ef4f0aaf835\" class=\"section-header ut-no-title-linebreak-mobile ut-no-lead-linebreak-mobile pt-style-2 header-center\"><h2  class=\"section-title \"><span>ZE BIG ORGANISATION<\/span><\/h2><\/header><\/div>[vc_column_text]<\/p>\n<h2 style=\"text-align: center;\">Raid Aventure F\u00e9minin Solidaire<\/h2>\n<p style=\"text-align: center;\">ZBO a \u00e9t\u00e9 cr\u00e9\u00e9e en 2001 pour organiser le 1er raid aventure nature exclusivement f\u00e9minin<br \/>\n<strong>LE RAID AMAZONES<\/strong><br \/>\nAujourd&rsquo;hui encore, c&rsquo;est le seul raid f\u00e9minin itin\u00e9rant et <strong>solidaire<\/strong> \u00e0 travers le monde.<br \/>\nCet \u00e9v\u00e8nement met le sport au service de la d\u00e9couverte, de la solidarit\u00e9 et de l&rsquo;\u00e9motion.<br \/>\nL&rsquo;effort rend humble,<br \/>\nLa curiosit\u00e9 ouvre l&rsquo;esprit.<br \/>\nLe m\u00e9lange des 2 offre une v\u00e9ritable et unique aventure humaine.<\/p>\n<p>[\/vc_column_text][\/vc_column][\/vc_row][vc_row full_width=\u00a0\u00bb\u00a0\u00bb][vc_column]<div id=\"qtSliderOuter69ef4f0aafc5b\" class=\"wpb_content_element \">            \r\n            <script type=\"text\/javascript\">\r\n                \r\n                (function($){\r\n                                            \r\n                    $(document).ready(function(){\r\n                        \r\n                        var owl_qtSlider_69ef4f0aafc5a = {\r\n                            items:1,\r\n                            smartSpeed: 600,\r\n                            lazyLoad: true,\r\n                                                        autoplay: true,\r\n                            autoplayTimeout: 5000,\r\n                            loop:true,\r\n                            nav: false,\r\n                            dots: false,\r\n                        };\r\n                        \r\n                        var $qtSlider_69ef4f0aafc5a =  $(\"#qtSlider_69ef4f0aafc5a\");\r\n                                                \r\n                        if ( $qtSlider_69ef4f0aafc5a.closest( '.vc_row[data-vc-full-width]' ).length && $( window ).width() > 1600 ) {\r\n\r\n                            \/* wait for f***king vc *\/\r\n                            new ResizeSensor( $( \"#qtSlider_69ef4f0aafc5a\" ).closest( '.vc_row[data-vc-full-width]' ), function () {\r\n\r\n                                $qtSlider_69ef4f0aafc5a.owlCarousel( owl_qtSlider_69ef4f0aafc5a );\r\n\r\n                            } );\r\n\r\n                        } else if ( $qtSlider_69ef4f0aafc5a.closest( '.vc_section[data-vc-full-width]' ).length && $( window ).width() > 1600 ) {\r\n\r\n                            \/* wait for f***king vc *\/\r\n                            new ResizeSensor( $( \"#qtSlider_69ef4f0aafc5a\" ).closest( '.vc_section[data-vc-full-width]' ), function () {\r\n\r\n                                $qtSlider_69ef4f0aafc5a.owlCarousel( owl_qtSlider_69ef4f0aafc5a );\r\n\r\n                            } );\r\n\r\n                        } else {\r\n\r\n                            $qtSlider_69ef4f0aafc5a.owlCarousel( owl_qtSlider_69ef4f0aafc5a );\r\n\r\n                        }\r\n                \r\n                    });\r\n                        \r\n                })(jQuery);\r\n                    \r\n            <\/script>\r\n            \r\n             <style type=\"text\/css\" scoped><\/style><div class=\"ut-bkly-qt-rotator \"><div id=\"qtSlider_69ef4f0aafc5a\" class=\"owl-carousel\"><div class=\"ut-bkly-qt-slide bkly-testimonials-style1\"><div class=\"bklyn-testimonials-quote\"><p>Pas de moteur, que de la sueur ! <span style=\"color: #f1c40f;\">Les concurrentes<\/span> sont en immersion totale <span style=\"color: #f1c40f;\">dans la nature<\/span> dans les plus beaux endroits de la plan\u00e8te.<\/p>\n<\/div><div class=\"bklyn-about-testimonials-author\"><\/div><\/div><div class=\"ut-bkly-qt-slide bkly-testimonials-style1\"><div class=\"bklyn-testimonials-quote\"><p>En 24 ans, ZBO a r\u00e9v\u00e9l\u00e9 pr\u00e8s de <span style=\"color: #f1c40f;\">5641 Amazones<\/span>&#8230;<br \/>\nEt vous, quelle Amazone \u00eates-vous ?<\/p>\n<\/div><div class=\"bklyn-about-testimonials-author\"><\/div><\/div><div class=\"ut-bkly-qt-slide bkly-testimonials-style1\"><div class=\"bklyn-testimonials-quote\"><p>La destination importe moins que le <span style=\"color: #f1c40f;\">voyage<\/span><\/p>\n<\/div><div class=\"bklyn-about-testimonials-author\"><\/div><\/div><\/div><\/div><\/div>[\/vc_column][\/vc_row][\/vc_section][vc_section bklyn_overlay=\u00a0\u00bbtrue\u00a0\u00bb parallax=\u00a0\u00bbcontent-moving\u00a0\u00bb el_id=\u00a0\u00bbconcept\u00a0\u00bb css=\u00a0\u00bb.vc_custom_1700550769546{background-image: url(https:\/\/www.zbo.fr\/event\/wp-content\/uploads\/2018\/05\/1EM0183.jpg?id=11) !important;background-position: center !important;background-repeat: no-repeat !important;background-size: cover !important;}\u00a0\u00bb bklyn_overlay_color=\u00a0\u00bbrgba(30, 30, 30, 0.3)\u00a0\u00bb][vc_row][vc_column]<div class=\"wpb_content_element \"><style type=\"text\/css\" scoped>#ut_header_69ef4f0ab016e h2 span { color:#ffffff; }#ut_header_69ef4f0ab016e .lead { color:#ffffff; }#ut_header_69ef4f0ab016e .lead p { color:#ffffff; }#ut_header_69ef4f0ab016e.pt-style-2 .page-title:after, #ut_header_69ef4f0ab016e.pt-style-2 .parallax-title:after, #ut_header_69ef4f0ab016e.pt-style-2 .section-title:after {background-color: #ffffff !important;height: ;width: ;}<\/style><header id=\"ut_header_69ef4f0ab016e\" class=\"section-header ut-no-title-linebreak-mobile ut-no-lead-linebreak-mobile pt-style-2 header-center\"><h2  class=\"section-title \"><span>Le Concept du Raid Amazones<\/span><\/h2><div data-delay=\"0\" class=\"lead \"><p>Apr\u00e8s vingt cinq ann\u00e9es \u00ab\u00a0SOLD OUT\u00a0\u00bb, ZBO pr\u00e9pare en ce moment la vingt sixi\u00e8me ann\u00e9e de succ\u00e8s du Raid Amazones. Ce succ\u00e8s s&rsquo;explique par un concept dot\u00e9 de valeurs tr\u00e8s actuelles pour ce trail f\u00e9minin.<\/p>\n<\/div><\/header><\/div>[\/vc_column][\/vc_row][vc_row][vc_column width=\u00a0\u00bb1\/3&Prime;]<div class=\"wpb_content_element \"><style type=\"text\/css\" scoped>#ut_sb_69ef4f0ab0528 .ut-icon-box .ut-service-box-icon { color: #FFF; }#ut_sb_69ef4f0ab0528 .ut-arrow-right { border-left: 10px solid rgba(241, 196, 15, 1); }#ut_sb_69ef4f0ab0528 .ut-icon-box { background: rgba(241, 196, 15, 1); }#ut_sb_69ef4f0ab0528 .ut-info h3 { color: #ffffff; }#ut_sb_69ef4f0ab0528 .ut-info p { color: #ffffff; }#ut_sb_69ef4f0ab0528 .ut-info a.ut-service-box-link { font-size: 12px; }<\/style><div id=\"ut_sb_69ef4f0ab0528\" class=\" clearfix  clearfix\"><div  class=\"ut-icon-box ut-icon-box-large \"><div class=\"ut-arrow-right\"><\/div><i class=\"fa-4x fa fa-check ut-service-box-icon\"><\/i><\/div><div class=\"ut-info\"><h3>Le physique<\/h3><p>Les concurrentes sont pour la plupart des aventuri\u00e8res d\u00e9butantes et le niveau sportif est \u00e0 la port\u00e9e de toutes.<\/p><\/div><\/div><\/div>[\/vc_column][vc_column width=\u00a0\u00bb1\/3&Prime;]<div class=\"wpb_content_element \"><style type=\"text\/css\" scoped>#ut_sb_69ef4f0ab0572 .ut-icon-box .ut-service-box-icon { color: #FFF; }#ut_sb_69ef4f0ab0572 .ut-arrow-right { border-left: 10px solid rgba(241, 196, 15, 1); }#ut_sb_69ef4f0ab0572 .ut-icon-box { background: rgba(241, 196, 15, 1); }#ut_sb_69ef4f0ab0572 .ut-info h3 { color: #ffffff; }#ut_sb_69ef4f0ab0572 .ut-info p { color: #ffffff; }#ut_sb_69ef4f0ab0572 .ut-info a.ut-service-box-link { font-size: 12px; }<\/style><div id=\"ut_sb_69ef4f0ab0572\" class=\" clearfix  clearfix\"><div  class=\"ut-icon-box ut-icon-box-large \"><div class=\"ut-arrow-right\"><\/div><i class=\"fa-4x fa fa-clock-o ut-service-box-icon\"><\/i><\/div><div class=\"ut-info\"><h3>La course<\/h3><p>Par \u00e9quipe de 3 ou de 2, les participantes encha\u00eenent pendant 6 jours des \u00e9preuves de course \u00e0 pieds, VTT, cano\u00eb.<\/p><\/div><\/div><\/div>[\/vc_column][vc_column width=\u00a0\u00bb1\/3&Prime;]<div class=\"wpb_content_element \"><style type=\"text\/css\" scoped>#ut_sb_69ef4f0ab05b2 .ut-icon-box .ut-service-box-icon { color: #FFF; }#ut_sb_69ef4f0ab05b2 .ut-arrow-right { border-left: 10px solid rgba(241, 196, 15, 1); }#ut_sb_69ef4f0ab05b2 .ut-icon-box { background: rgba(241, 196, 15, 1); }#ut_sb_69ef4f0ab05b2 .ut-info h3 { color: #ffffff; }#ut_sb_69ef4f0ab05b2 .ut-info p { color: #ffffff; }#ut_sb_69ef4f0ab05b2 .ut-info a.ut-service-box-link { font-size: 12px; }<\/style><div id=\"ut_sb_69ef4f0ab05b2\" class=\" clearfix  clearfix\"><div  class=\"ut-icon-box ut-icon-box-large \"><div class=\"ut-arrow-right\"><\/div><i class=\"fa-4x fa fa-female ut-service-box-icon\"><\/i><\/div><div class=\"ut-info\"><h3>La f\u00e9minit\u00e9<\/h3><p>Seul Raid Nature 100% f\u00e9minin. Les concurrentes qui y participent ont pour la plupart la quarantaine active.<\/p><\/div><\/div><\/div>[\/vc_column][\/vc_row][vc_row][vc_column width=\u00a0\u00bb1\/3&Prime;]<div class=\"wpb_content_element \"><style type=\"text\/css\" scoped>#ut_sb_69ef4f0ab0606 .ut-icon-box .ut-service-box-icon { color: #FFF; }#ut_sb_69ef4f0ab0606 .ut-arrow-right { border-left: 10px solid rgba(241, 196, 15, 1); }#ut_sb_69ef4f0ab0606 .ut-icon-box { background: rgba(241, 196, 15, 1); }#ut_sb_69ef4f0ab0606 .ut-info h3 { color: #ffffff; }#ut_sb_69ef4f0ab0606 .ut-info p { color: #ffffff; }#ut_sb_69ef4f0ab0606 .ut-info a.ut-service-box-link { font-size: 12px; }<\/style><div id=\"ut_sb_69ef4f0ab0606\" class=\" clearfix  clearfix\"><div  class=\"ut-icon-box ut-icon-box-large \"><div class=\"ut-arrow-right\"><\/div><i class=\"fa-4x fa fa-leaf ut-service-box-icon\"><\/i><\/div><div class=\"ut-info\"><h3>L'\u00e9cologie<\/h3><p>\u00ab\u00a0Pas de moteur, que de la sueur !\u00a0\u00bb Elles sont en immersion totale dans les plus beaux endroits de la plan\u00e8te.<\/p><\/div><\/div><\/div>[\/vc_column][vc_column width=\u00a0\u00bb1\/3&Prime;]<div class=\"wpb_content_element \"><style type=\"text\/css\" scoped>#ut_sb_69ef4f0ab0644 .ut-icon-box .ut-service-box-icon { color: #FFF; }#ut_sb_69ef4f0ab0644 .ut-arrow-right { border-left: 10px solid rgba(241, 196, 15, 1); }#ut_sb_69ef4f0ab0644 .ut-icon-box { background: rgba(241, 196, 15, 1); }#ut_sb_69ef4f0ab0644 .ut-info h3 { color: #ffffff; }#ut_sb_69ef4f0ab0644 .ut-info p { color: #ffffff; }#ut_sb_69ef4f0ab0644 .ut-info a.ut-service-box-link { font-size: 12px; }<\/style><div id=\"ut_sb_69ef4f0ab0644\" class=\" clearfix  clearfix\"><div  class=\"ut-icon-box ut-icon-box-large \"><div class=\"ut-arrow-right\"><\/div><i class=\"fa-4x fa fa-heart ut-service-box-icon\"><\/i><\/div><div class=\"ut-info\"><h3>La convivialit\u00e9<\/h3><p>300 concurrentes maximum pour vivre une aventure exceptionnelle.<\/p><\/div><\/div><\/div>[\/vc_column][vc_column width=\u00a0\u00bb1\/3&Prime;]<div class=\"wpb_content_element \"><style type=\"text\/css\" scoped>#ut_sb_69ef4f0ab0682 .ut-icon-box .ut-service-box-icon { color: #FFF; }#ut_sb_69ef4f0ab0682 .ut-arrow-right { border-left: 10px solid rgba(241, 196, 15, 1); }#ut_sb_69ef4f0ab0682 .ut-icon-box { background: rgba(241, 196, 15, 1); }#ut_sb_69ef4f0ab0682 .ut-info h3 { color: #ffffff; }#ut_sb_69ef4f0ab0682 .ut-info p { color: #ffffff; }#ut_sb_69ef4f0ab0682 .ut-info a.ut-service-box-link { font-size: 12px; }<\/style><div id=\"ut_sb_69ef4f0ab0682\" class=\" clearfix  clearfix\"><div  class=\"ut-icon-box ut-icon-box-large \"><div class=\"ut-arrow-right\"><\/div><i class=\"fa-4x fa fa-map-marker ut-service-box-icon\"><\/i><\/div><div class=\"ut-info\"><h3>La destination<\/h3><p>Elle change chaque ann\u00e9e. En novembre 2026 le Raid se d\u00e9roulera en &#8230;<\/p><\/div><\/div><\/div>[\/vc_column][\/vc_row][\/vc_section][vc_section bklyn_overlay=\u00a0\u00bbtrue\u00a0\u00bb parallax=\u00a0\u00bbcontent-moving\u00a0\u00bb el_id=\u00a0\u00bborganisation\u00a0\u00bb css=\u00a0\u00bb.vc_custom_1700551002438{background-image: url(https:\/\/www.zbo.fr\/event\/wp-content\/uploads\/2018\/05\/IMG_5659.jpg?id=13) !important;}\u00a0\u00bb bklyn_overlay_color=\u00a0\u00bbrgba(33, 33, 33, 0.4)\u00a0\u00bb][vc_row][vc_column]<div class=\"wpb_content_element \"><style type=\"text\/css\" scoped>#ut_header_69ef4f0ab09eb.pt-style-2 .page-title:after, #ut_header_69ef4f0ab09eb.pt-style-2 .parallax-title:after, #ut_header_69ef4f0ab09eb.pt-style-2 .section-title:after {background-color:!important;height: ;width: ;}<\/style><header id=\"ut_header_69ef4f0ab09eb\" class=\"section-header ut-no-title-linebreak-mobile ut-no-lead-linebreak-mobile pt-style-2 header-center\"><h2  class=\"section-title \"><span>L'organisation<\/span><\/h2><\/header><\/div>[\/vc_column][\/vc_row][vc_row][vc_column width=\u00a0\u00bb1\/3&Prime;]<div class=\"wpb_content_element  vc_custom_1732914103976\"><style type=\"text\/css\" scoped><\/style><div id=\"ut_sc_69ef4f0ab0d71\" class=\" clearfix \"><div data-animateonce=\"no\" data-effecttype=\"counter\" class=\"ut-counter-box ut-counter\" data-suffix=\"\" data-prefix=\"\" data-sep-sign=\"\" data-counter=\"25\"><span id=\"ut_sc_count_69ef4f0ab0d77\" class=\"ut-count\">25<\/span><h3 class=\"ut-counter-details\">Raids organis\u00e9s<\/h3><\/div><\/div><\/div>[\/vc_column][vc_column width=\u00a0\u00bb1\/3&Prime;]<div class=\"wpb_content_element  vc_custom_1764599221648\"><style type=\"text\/css\" scoped><\/style><div id=\"ut_sc_69ef4f0ab0dad\" class=\" clearfix \"><div data-animateonce=\"no\" data-effecttype=\"counter\" class=\"ut-counter-box ut-counter\" data-suffix=\"\" data-prefix=\"\" data-sep-sign=\"\" data-counter=\"5928\"><span id=\"ut_sc_count_69ef4f0ab0db2\" class=\"ut-count\">5928<\/span><h3 class=\"ut-counter-details\">Amazones<\/h3><\/div><\/div><\/div>[\/vc_column][vc_column width=\u00a0\u00bb1\/3&Prime;]<div class=\"wpb_content_element  vc_custom_1699516796214\"><style type=\"text\/css\" scoped><\/style><div id=\"ut_sc_69ef4f0ab0dcc\" class=\" clearfix \"><div data-animateonce=\"no\" data-effecttype=\"counter\" class=\"ut-counter-box ut-counter\" data-suffix=\"\" data-prefix=\"\" data-sep-sign=\"\" data-counter=\"60\"><span id=\"ut_sc_count_69ef4f0ab0dd1\" class=\"ut-count\">60<\/span><h3 class=\"ut-counter-details\">Gentils organisateurs<\/h3><\/div><\/div><\/div>[\/vc_column][\/vc_row][\/vc_section][vc_section css=\u00a0\u00bb.vc_custom_1525520191014{background-color: #f3f3f3 !important;}\u00a0\u00bb][vc_row][vc_column width=\u00a0\u00bb1\/2&Prime;]<div class=\"wpb_content_element\"><style type=\"text\/css\" scoped>#ut_bi_69ef4f0ab0e1a .bklyn-big-icon-link .bklyn-big-icon { background: #ffffff; }#ut_bi_69ef4f0ab0e1a .bklyn-big-icon-link:hover .bklyn-big-icon { background: #e2e2e2; }#ut_bi_69ef4f0ab0e1a .bklyn-big-icon-slogan { text-transform: uppercase; }<\/style><div id=\"ut_bi_69ef4f0ab0e1a\" class=\"bklyn-big-icon-wrap\"><a  class=\"bklyn-big-icon-link\" target=\" _blank\" href=\"https:\/\/www.facebook.com\/profile.php?id=35920258112&#038;ref=br_rs\" ><div class=\"bklyn-big-icon bklyn-big-icon-round\"><div class=\"bklyn-big-icon-inner\"><i class=\"fa fa-facebook\"><\/i><\/div><\/div><h3 class=\"bklyn-big-icon-title\">Facebook<\/h3><\/a><\/div><\/div>[\/vc_column][vc_column width=\u00a0\u00bb1\/2&Prime;]<div class=\"wpb_content_element\"><style type=\"text\/css\" scoped>#ut_bi_69ef4f0ab0e7b .bklyn-big-icon-link .bklyn-big-icon { background: #ffffff; }#ut_bi_69ef4f0ab0e7b .bklyn-big-icon-link:hover .bklyn-big-icon { background: #e2e2e2; }#ut_bi_69ef4f0ab0e7b .bklyn-big-icon-slogan { text-transform: uppercase; }<\/style><div id=\"ut_bi_69ef4f0ab0e7b\" class=\"bklyn-big-icon-wrap\"><a  class=\"bklyn-big-icon-link\" target=\" _blank\" href=\"https:\/\/www.instagram.com\/raidamazones\/\" ><div class=\"bklyn-big-icon bklyn-big-icon-round\"><div class=\"bklyn-big-icon-inner\"><i class=\"fa fa-instagram\"><\/i><\/div><\/div><h3 class=\"bklyn-big-icon-title\">Instagram<\/h3><\/a><\/div><\/div>[\/vc_column][\/vc_row][\/vc_section]<\/p>\n","protected":false},"excerpt":{"rendered":"<p>[vc_section el_id=\u00a0\u00bbzbo\u00a0\u00bb][vc_row][vc_column][vc_column_text] Raid Aventure F\u00e9minin Solidaire ZBO a \u00e9t\u00e9 cr\u00e9\u00e9e en 2001 pour organiser le 1er raid aventure nature exclusivement f\u00e9minin LE RAID AMAZONES Aujourd&rsquo;hui encore, c&rsquo;est le seul raid f\u00e9minin itin\u00e9rant et solidaire \u00e0 travers le monde. Cet \u00e9v\u00e8nement met le sport au service de la d\u00e9couverte, de la solidarit\u00e9 et de l&rsquo;\u00e9motion. L&rsquo;effort [&hellip;]<\/p>\n","protected":false},"author":1,"featured_media":0,"parent":0,"menu_order":0,"comment_status":"closed","ping_status":"closed","template":"","meta":{"footnotes":""},"class_list":["post-6","page","type-page","status-publish","hentry"],"yoast_head":"<!-- This site is optimized with the Yoast SEO plugin v27.4 - https:\/\/yoast.com\/product\/yoast-seo-wordpress\/ -->\n<title>Ze Big Organisation - Raid aventure f\u00e9minin sportif et solidaire<\/title>\n<meta name=\"description\" content=\"ZBO - Raid f\u00e9minin 100% : Pas de moteur, que de la sueur ! Les concurrentes sont en immersion totale dans la nature dans les plus beaux endroits de la plan\u00e8te. Raid aventure f\u00e9minin multisports.\" \/>\n<meta name=\"robots\" content=\"index, follow, max-snippet:-1, max-image-preview:large, max-video-preview:-1\" \/>\n<link rel=\"canonical\" href=\"https:\/\/www.zbo.fr\/event\/\" \/>\n<meta property=\"og:locale\" content=\"fr_FR\" \/>\n<meta property=\"og:type\" content=\"article\" \/>\n<meta property=\"og:title\" content=\"Ze Big Organisation - Raid aventure f\u00e9minin sportif et solidaire\" \/>\n<meta property=\"og:description\" content=\"ZBO - Raid f\u00e9minin 100% : Pas de moteur, que de la sueur ! Les concurrentes sont en immersion totale dans la nature dans les plus beaux endroits de la plan\u00e8te. Raid aventure f\u00e9minin multisports.\" \/>\n<meta property=\"og:url\" content=\"https:\/\/www.zbo.fr\/event\/\" \/>\n<meta property=\"og:site_name\" content=\"ZBO : Ze Big Organisation - Raid aventure sportif solidaire\" \/>\n<meta property=\"article:modified_time\" content=\"2025-12-01T14:29:16+00:00\" \/>\n<meta name=\"twitter:card\" content=\"summary_large_image\" \/>\n<meta name=\"twitter:label1\" content=\"Dur\u00e9e de lecture estim\u00e9e\" \/>\n\t<meta name=\"twitter:data1\" content=\"3 minutes\" \/>\n<script type=\"application\/ld+json\" class=\"yoast-schema-graph\">{\"@context\":\"https:\\\/\\\/schema.org\",\"@graph\":[{\"@type\":\"WebPage\",\"@id\":\"https:\\\/\\\/www.zbo.fr\\\/event\\\/\",\"url\":\"https:\\\/\\\/www.zbo.fr\\\/event\\\/\",\"name\":\"Ze Big Organisation - Raid aventure f\u00e9minin sportif et solidaire\",\"isPartOf\":{\"@id\":\"https:\\\/\\\/www.zbo.fr\\\/event\\\/#website\"},\"datePublished\":\"2018-05-03T15:12:38+00:00\",\"dateModified\":\"2025-12-01T14:29:16+00:00\",\"description\":\"ZBO - Raid f\u00e9minin 100% : Pas de moteur, que de la sueur ! Les concurrentes sont en immersion totale dans la nature dans les plus beaux endroits de la plan\u00e8te. Raid aventure f\u00e9minin multisports.\",\"breadcrumb\":{\"@id\":\"https:\\\/\\\/www.zbo.fr\\\/event\\\/#breadcrumb\"},\"inLanguage\":\"fr-FR\",\"potentialAction\":[{\"@type\":\"ReadAction\",\"target\":[\"https:\\\/\\\/www.zbo.fr\\\/event\\\/\"]}]},{\"@type\":\"BreadcrumbList\",\"@id\":\"https:\\\/\\\/www.zbo.fr\\\/event\\\/#breadcrumb\",\"itemListElement\":[{\"@type\":\"ListItem\",\"position\":1,\"name\":\"Accueil\",\"item\":\"https:\\\/\\\/www.zbo.fr\\\/event\\\/\"},{\"@type\":\"ListItem\",\"position\":2,\"name\":\"Front Page\"}]},{\"@type\":\"WebSite\",\"@id\":\"https:\\\/\\\/www.zbo.fr\\\/event\\\/#website\",\"url\":\"https:\\\/\\\/www.zbo.fr\\\/event\\\/\",\"name\":\"ZBO : Ze Big Organisation - Raid aventure sportif solidaire\",\"description\":\"\",\"potentialAction\":[{\"@type\":\"SearchAction\",\"target\":{\"@type\":\"EntryPoint\",\"urlTemplate\":\"https:\\\/\\\/www.zbo.fr\\\/event\\\/?s={search_term_string}\"},\"query-input\":{\"@type\":\"PropertyValueSpecification\",\"valueRequired\":true,\"valueName\":\"search_term_string\"}}],\"inLanguage\":\"fr-FR\"}]}<\/script>\n<!-- \/ Yoast SEO plugin. -->","yoast_head_json":{"title":"Ze Big Organisation - Raid aventure f\u00e9minin sportif et solidaire","description":"ZBO - Raid f\u00e9minin 100% : Pas de moteur, que de la sueur ! Les concurrentes sont en immersion totale dans la nature dans les plus beaux endroits de la plan\u00e8te. Raid aventure f\u00e9minin multisports.","robots":{"index":"index","follow":"follow","max-snippet":"max-snippet:-1","max-image-preview":"max-image-preview:large","max-video-preview":"max-video-preview:-1"},"canonical":"https:\/\/www.zbo.fr\/event\/","og_locale":"fr_FR","og_type":"article","og_title":"Ze Big Organisation - Raid aventure f\u00e9minin sportif et solidaire","og_description":"ZBO - Raid f\u00e9minin 100% : Pas de moteur, que de la sueur ! Les concurrentes sont en immersion totale dans la nature dans les plus beaux endroits de la plan\u00e8te. Raid aventure f\u00e9minin multisports.","og_url":"https:\/\/www.zbo.fr\/event\/","og_site_name":"ZBO : Ze Big Organisation - Raid aventure sportif solidaire","article_modified_time":"2025-12-01T14:29:16+00:00","twitter_card":"summary_large_image","twitter_misc":{"Dur\u00e9e de lecture estim\u00e9e":"3 minutes"},"schema":{"@context":"https:\/\/schema.org","@graph":[{"@type":"WebPage","@id":"https:\/\/www.zbo.fr\/event\/","url":"https:\/\/www.zbo.fr\/event\/","name":"Ze Big Organisation - Raid aventure f\u00e9minin sportif et solidaire","isPartOf":{"@id":"https:\/\/www.zbo.fr\/event\/#website"},"datePublished":"2018-05-03T15:12:38+00:00","dateModified":"2025-12-01T14:29:16+00:00","description":"ZBO - Raid f\u00e9minin 100% : Pas de moteur, que de la sueur ! Les concurrentes sont en immersion totale dans la nature dans les plus beaux endroits de la plan\u00e8te. Raid aventure f\u00e9minin multisports.","breadcrumb":{"@id":"https:\/\/www.zbo.fr\/event\/#breadcrumb"},"inLanguage":"fr-FR","potentialAction":[{"@type":"ReadAction","target":["https:\/\/www.zbo.fr\/event\/"]}]},{"@type":"BreadcrumbList","@id":"https:\/\/www.zbo.fr\/event\/#breadcrumb","itemListElement":[{"@type":"ListItem","position":1,"name":"Accueil","item":"https:\/\/www.zbo.fr\/event\/"},{"@type":"ListItem","position":2,"name":"Front Page"}]},{"@type":"WebSite","@id":"https:\/\/www.zbo.fr\/event\/#website","url":"https:\/\/www.zbo.fr\/event\/","name":"ZBO : Ze Big Organisation - Raid aventure sportif solidaire","description":"","potentialAction":[{"@type":"SearchAction","target":{"@type":"EntryPoint","urlTemplate":"https:\/\/www.zbo.fr\/event\/?s={search_term_string}"},"query-input":{"@type":"PropertyValueSpecification","valueRequired":true,"valueName":"search_term_string"}}],"inLanguage":"fr-FR"}]}},"_links":{"self":[{"href":"https:\/\/www.zbo.fr\/event\/wp-json\/wp\/v2\/pages\/6","targetHints":{"allow":["GET"]}}],"collection":[{"href":"https:\/\/www.zbo.fr\/event\/wp-json\/wp\/v2\/pages"}],"about":[{"href":"https:\/\/www.zbo.fr\/event\/wp-json\/wp\/v2\/types\/page"}],"author":[{"embeddable":true,"href":"https:\/\/www.zbo.fr\/event\/wp-json\/wp\/v2\/users\/1"}],"replies":[{"embeddable":true,"href":"https:\/\/www.zbo.fr\/event\/wp-json\/wp\/v2\/comments?post=6"}],"version-history":[{"count":9,"href":"https:\/\/www.zbo.fr\/event\/wp-json\/wp\/v2\/pages\/6\/revisions"}],"predecessor-version":[{"id":373,"href":"https:\/\/www.zbo.fr\/event\/wp-json\/wp\/v2\/pages\/6\/revisions\/373"}],"wp:attachment":[{"href":"https:\/\/www.zbo.fr\/event\/wp-json\/wp\/v2\/media?parent=6"}],"curies":[{"name":"wp","href":"https:\/\/api.w.org\/{rel}","templated":true}]}}